{"id":71,"date":"2020-04-22T11:36:31","date_gmt":"2020-04-22T11:36:31","guid":{"rendered":"https:\/\/www.xn--baag-jra.com\/?page_id=71"},"modified":"2020-05-14T10:38:32","modified_gmt":"2020-05-14T10:38:32","slug":"baagoe-faergen","status":"publish","type":"page","link":"https:\/\/www.xn--baag-jra.com\/index.php\/baagoe-faergen\/","title":{"rendered":"Baag\u00f8 F\u00e6rgen"},"content":{"rendered":"\n<div class=\"wp-block-image is-style-default\"><figure class=\"aligncenter size-large\"><img loading=\"lazy\" decoding=\"async\" width=\"1024\" height=\"768\" src=\"https:\/\/www.xn--baag-jra.com\/wp-content\/uploads\/2020\/04\/Baag\u00f8-f\u00e6rge-1024x768.jpeg\" alt=\"\" class=\"wp-image-121\" srcset=\"https:\/\/www.xn--baag-jra.com\/wp-content\/uploads\/2020\/04\/Baag\u00f8-f\u00e6rge-1024x768.jpeg 1024w, https:\/\/www.xn--baag-jra.com\/wp-content\/uploads\/2020\/04\/Baag\u00f8-f\u00e6rge-300x225.jpeg 300w, https:\/\/www.xn--baag-jra.com\/wp-content\/uploads\/2020\/04\/Baag\u00f8-f\u00e6rge-768x576.jpeg 768w, https:\/\/www.xn--baag-jra.com\/wp-content\/uploads\/2020\/04\/Baag\u00f8-f\u00e6rge-1536x1152.jpeg 1536w, https:\/\/www.xn--baag-jra.com\/wp-content\/uploads\/2020\/04\/Baag\u00f8-f\u00e6rge-2048x1536.jpeg 2048w, https:\/\/www.xn--baag-jra.com\/wp-content\/uploads\/2020\/04\/Baag\u00f8-f\u00e6rge-754x566.jpeg 754w, https:\/\/www.xn--baag-jra.com\/wp-content\/uploads\/2020\/04\/Baag\u00f8-f\u00e6rge-377x283.jpeg 377w\" sizes=\"auto, (max-width: 1024px) 100vw, 1024px\" \/><\/figure><\/div>\n\n\n\n<p>N\u00e5r du skal til Baag\u00f8 kan du enten sejle i havn med din egen b\u00e5d eller tage den hyggelige lille f\u00e6rge \u201cBaag\u00f8-f\u00e6rgen\u201d. Overfarten tager 29 minutter.<\/p>\n\n\n\n<p>Har du brug for at medbringe bil eller campingvogn, skal du huske at reservere plads p\u00e5 f\u00e6rgen.&nbsp;<\/p>\n\n\n\n<p><a href=\"https:\/\/www.assenshavn.dk\/baagoe-faergens-tider-og-priser\/\">Du kan se f\u00e6rgetider og finde informationer til at reservere plads p\u00e5 f\u00e6rgen her<\/a>.<\/p>\n","protected":false},"excerpt":{"rendered":"<p>N\u00e5r du skal til Baag\u00f8 kan du enten sejle i havn med din egen b\u00e5d eller tage den hyggelige lille f\u00e6rge \u201cBaag\u00f8-f\u00e6rgen\u201d. Overfarten tager 29 minutter. Har du brug for&hellip;<\/p>\n","protected":false},"author":1,"featured_media":0,"parent":0,"menu_order":2,"comment_status":"closed","ping_status":"closed","template":"","meta":{"footnotes":""},"class_list":["post-71","page","type-page","status-publish","hentry"],"_links":{"self":[{"href":"https:\/\/www.xn--baag-jra.com\/index.php\/wp-json\/wp\/v2\/pages\/71","targetHints":{"allow":["GET"]}}],"collection":[{"href":"https:\/\/www.xn--baag-jra.com\/index.php\/wp-json\/wp\/v2\/pages"}],"about":[{"href":"https:\/\/www.xn--baag-jra.com\/index.php\/wp-json\/wp\/v2\/types\/page"}],"author":[{"embeddable":true,"href":"https:\/\/www.xn--baag-jra.com\/index.php\/wp-json\/wp\/v2\/users\/1"}],"replies":[{"embeddable":true,"href":"https:\/\/www.xn--baag-jra.com\/index.php\/wp-json\/wp\/v2\/comments?post=71"}],"version-history":[{"count":6,"href":"https:\/\/www.xn--baag-jra.com\/index.php\/wp-json\/wp\/v2\/pages\/71\/revisions"}],"predecessor-version":[{"id":242,"href":"https:\/\/www.xn--baag-jra.com\/index.php\/wp-json\/wp\/v2\/pages\/71\/revisions\/242"}],"wp:attachment":[{"href":"https:\/\/www.xn--baag-jra.com\/index.php\/wp-json\/wp\/v2\/media?parent=71"}],"curies":[{"name":"wp","href":"https:\/\/api.w.org\/{rel}","templated":true}]}}