{"id":67,"date":"2020-04-22T11:27:39","date_gmt":"2020-04-22T11:27:39","guid":{"rendered":"https:\/\/www.xn--baag-jra.com\/?page_id=67"},"modified":"2025-12-28T08:33:38","modified_gmt":"2025-12-28T08:33:38","slug":"velkommen-til-baagoe","status":"publish","type":"page","link":"https:\/\/www.xn--baag-jra.com\/","title":{"rendered":"Velkommen til Baag\u00f8"},"content":{"rendered":"<div class=\"wp-block-image is-style-default\">\n<figure class=\"aligncenter size-large\"><img loading=\"lazy\" decoding=\"async\" width=\"1024\" height=\"769\" src=\"https:\/\/www.xn--baag-jra.com\/wp-content\/uploads\/2020\/04\/Malet-billede-1024x769.jpeg\" alt=\"\" class=\"wp-image-83\" srcset=\"https:\/\/www.xn--baag-jra.com\/wp-content\/uploads\/2020\/04\/Malet-billede-1024x769.jpeg 1024w, https:\/\/www.xn--baag-jra.com\/wp-content\/uploads\/2020\/04\/Malet-billede-300x225.jpeg 300w, https:\/\/www.xn--baag-jra.com\/wp-content\/uploads\/2020\/04\/Malet-billede-768x577.jpeg 768w, https:\/\/www.xn--baag-jra.com\/wp-content\/uploads\/2020\/04\/Malet-billede-1536x1153.jpeg 1536w, https:\/\/www.xn--baag-jra.com\/wp-content\/uploads\/2020\/04\/Malet-billede-2048x1537.jpeg 2048w, https:\/\/www.xn--baag-jra.com\/wp-content\/uploads\/2020\/04\/Malet-billede-1200x901.jpeg 1200w, https:\/\/www.xn--baag-jra.com\/wp-content\/uploads\/2020\/04\/Malet-billede-1980x1486.jpeg 1980w\" sizes=\"auto, (max-width: 1024px) 100vw, 1024px\" \/><\/figure><\/div>\n\n\n<p>Baag\u00f8 er en lille fantastisk \u00f8 med sk\u00f8n natur, beliggende i Lilleb\u00e6lt, ca. en halv times sejlads fra Assens p\u00e5 Fyn.&nbsp;<br><br><strong>Fornemmelsen af at finde hjem<\/strong><\/p>\n\n\n\n<p>P\u00e5 Baag\u00f8 finder du noget, mange leder efter \u2013 ro, f\u00e6llesskab og plads til at v\u00e6re dig selv. Her hilser man p\u00e5 hinanden, naturen er lige uden for d\u00f8ren, og dagene leves i et tempo, der giver mening.<\/p>\n\n\n\n<p>Det er et sted, hvor man kan leve med frihed og tryghed og med havet som ramme. Her kan du dyrke tiden.<\/p>\n\n\n\n<p>Baag\u00f8 er ikke bare et sted at h\u00f8re til. Det er et sted, hvor du m\u00e6rker fornemmelsen af at finde hjem.<\/p>\n\n\n\n<p>Du kan g\u00e5 \u00f8en rundt p\u00e5 4 timer eller leje en cykel. Du kommer til at skulle g\u00e5 i b\u00e5de sand og sten med et uj\u00e6vnt terr\u00e6n, s\u00e5 husk fornuftigt fodt\u00f8j.&nbsp;<\/p>\n\n\n\n<p>\u00d8en er oplagt til \u00e9ndagstur, men hvis man elsker natur, ro og harmoni kan man let f\u00e5 flere dage til at g\u00e5 p\u00e5 \u00f8en, hvor der er flere muligheder for overnatning. Du kan f.eks. ligge i telt p\u00e5 \u00f8ens campingplads ved havnen eller leje dig ind p\u00e5 Naturskolen, der har sm\u00e5 lejligheder til fire personer, ligesom skolen kan lejes til st\u00f8rre grupper. <\/p>\n\n\n\n<p>Der er ogs\u00e5 mulighed for at leje forskellige sommerhuse &#8211; se mere under<strong> \u201cHuse til udlejning\u201d<\/strong> i menuen.<\/p>\n\n\n\n<p>\u00d8en er blandt andet kendt for sin fine badestrand n\u00e6r havnen og de gode muligheder for strandfiskeri fra is\u00e6r den vestlige kyst. Der er en lille lystb\u00e5dehavn ved f\u00e6rgelejet, med alle \u00f8nskelige faciliteter.<\/p>\n\n\n\n<p>Det h\u00f8jeste punkt p\u00e5 \u00f8en er blot 8 meter over vandoverfladen, men p\u00e5 trods af det, har \u00f8en en flot udsigt ud over Lilleb\u00e6lt.&nbsp;<\/p>\n\n\n\n<p>Baag\u00f8 best\u00e5r af store engarealer med to store inds\u00f8er, der giver et rigt fugleliv, som kan h\u00f8res over hele \u00f8en, is\u00e6r i yngletiden.&nbsp;<br><br>Baag\u00f8 er i det hele taget en lille \u00f8 med en stor historie. Den n\u00e6vnes f\u00f8rste gang i 1200-tallet og har siden v\u00e6ret hjem for mennesker, der levede af havet og jorden. Navnet stammer fra oldnordisk og betyder \u201cden bagvedliggende \u00f8\u201d \u2013 et passende navn til et sted, hvor man virkelig m\u00e6rker afstanden til travlhed.<\/p>\n\n\n\n<p>I 1800-tallet var Baag\u00f8 et livligt samfund med over 200 indbyggere, skole, k\u00f8bmand, mejeri og havn. Her blev der fisket, dyrket marker og fejret h\u00f8st, og livet fulgte naturens rytme.<\/p>\n\n\n\n<p>I dag er befolkningen mindre, men \u00e5nden den samme. De fastboende v\u00e6rner om f\u00e6llesskabet, naturen og \u00f8ens historie, mens bes\u00f8gende finder ro, tid og n\u00e6rv\u00e6r. P\u00e5 Baag\u00f8 m\u00f8des fortid og nutid i et landskab formet af b\u00e5de mennesker og hav \u2013 et sted, hvor man stadig kan m\u00e6rke, hvordan livet engang blev levet og fortsat leves.<\/p>\n\n\n\n<p>Velkommen til<\/p>\n\n\n\n<p><\/p>\n\n\n\n<p><a href=\"https:\/\/www.assenshavn.dk\/baagoe-faergens-tider-og-priser\/\" target=\"_blank\" rel=\"noreferrer noopener\">Du kan bestille dine billetter her!<\/a><\/p>\n","protected":false},"excerpt":{"rendered":"<p>Baag\u00f8 er en lille fantastisk \u00f8 med sk\u00f8n natur, beliggende i Lilleb\u00e6lt, ca. en halv times sejlads fra Assens p\u00e5 Fyn.&nbsp; Fornemmelsen af at finde hjem P\u00e5 Baag\u00f8 finder du&hellip;<\/p>\n","protected":false},"author":1,"featured_media":0,"parent":0,"menu_order":1,"comment_status":"closed","ping_status":"closed","template":"","meta":{"footnotes":""},"class_list":["post-67","page","type-page","status-publish","hentry"],"_links":{"self":[{"href":"https:\/\/www.xn--baag-jra.com\/index.php\/wp-json\/wp\/v2\/pages\/67","targetHints":{"allow":["GET"]}}],"collection":[{"href":"https:\/\/www.xn--baag-jra.com\/index.php\/wp-json\/wp\/v2\/pages"}],"about":[{"href":"https:\/\/www.xn--baag-jra.com\/index.php\/wp-json\/wp\/v2\/types\/page"}],"author":[{"embeddable":true,"href":"https:\/\/www.xn--baag-jra.com\/index.php\/wp-json\/wp\/v2\/users\/1"}],"replies":[{"embeddable":true,"href":"https:\/\/www.xn--baag-jra.com\/index.php\/wp-json\/wp\/v2\/comments?post=67"}],"version-history":[{"count":13,"href":"https:\/\/www.xn--baag-jra.com\/index.php\/wp-json\/wp\/v2\/pages\/67\/revisions"}],"predecessor-version":[{"id":343,"href":"https:\/\/www.xn--baag-jra.com\/index.php\/wp-json\/wp\/v2\/pages\/67\/revisions\/343"}],"wp:attachment":[{"href":"https:\/\/www.xn--baag-jra.com\/index.php\/wp-json\/wp\/v2\/media?parent=67"}],"curies":[{"name":"wp","href":"https:\/\/api.w.org\/{rel}","templated":true}]}}