{"id":46,"date":"2020-04-22T11:15:40","date_gmt":"2020-04-22T11:15:40","guid":{"rendered":"https:\/\/www.xn--baag-jra.com\/?page_id=46"},"modified":"2025-10-17T14:41:16","modified_gmt":"2025-10-17T14:41:16","slug":"baagoe-historie-og-sevaerdigheder","status":"publish","type":"page","link":"https:\/\/www.xn--baag-jra.com\/index.php\/baagoe-historie-og-sevaerdigheder\/","title":{"rendered":"Baag\u00f8 historie og sev\u00e6rdigheder"},"content":{"rendered":"\n<figure class=\"wp-block-image size-full is-style-default\"><img loading=\"lazy\" decoding=\"async\" width=\"2560\" height=\"510\" src=\"https:\/\/www.xn--baag-jra.com\/wp-content\/uploads\/2020\/04\/Natur-t\u00e5rn-og-kirke-banner-scaled.jpg\" alt=\"\" class=\"wp-image-151\" srcset=\"https:\/\/www.xn--baag-jra.com\/wp-content\/uploads\/2020\/04\/Natur-t\u00e5rn-og-kirke-banner-scaled.jpg 2560w, https:\/\/www.xn--baag-jra.com\/wp-content\/uploads\/2020\/04\/Natur-t\u00e5rn-og-kirke-banner-300x60.jpg 300w, https:\/\/www.xn--baag-jra.com\/wp-content\/uploads\/2020\/04\/Natur-t\u00e5rn-og-kirke-banner-1024x204.jpg 1024w, https:\/\/www.xn--baag-jra.com\/wp-content\/uploads\/2020\/04\/Natur-t\u00e5rn-og-kirke-banner-768x153.jpg 768w, https:\/\/www.xn--baag-jra.com\/wp-content\/uploads\/2020\/04\/Natur-t\u00e5rn-og-kirke-banner-1536x306.jpg 1536w, https:\/\/www.xn--baag-jra.com\/wp-content\/uploads\/2020\/04\/Natur-t\u00e5rn-og-kirke-banner-2048x408.jpg 2048w\" sizes=\"auto, (max-width: 2560px) 100vw, 2560px\" \/><\/figure>\n\n\n\n<p>P\u00e5 Baag\u00f8s marker er der gennem tiden fundet mange flinteredskaber, som stammer helt tilbage fra oldtiden.&nbsp;<\/p>\n\n\n\n<p>Tidligere var der mange gravh\u00f8je p\u00e5 \u00f8en, men de er desv\u00e6rre blevet slettet gennem tiderne. &nbsp;<\/p>\n\n\n\n<p>P\u00e5 \u00f8ens sydside finder du Baag\u00f8s langdysse, der er \u00f8ens bedst bevarede oldtidsminde. Langdyssen er 21 m. lang, 11 m. bred og 1 m. h\u00f8j og dateret 3950-2801 f.Kr.<\/p>\n\n\n<div class=\"wp-block-image is-style-default\">\n<figure class=\"aligncenter size-full\"><img loading=\"lazy\" decoding=\"async\" width=\"1024\" height=\"576\" src=\"https:\/\/www.xn--baag-jra.com\/wp-content\/uploads\/2020\/04\/Baag\u00f8-fyrt\u00e5rn.jpg\" alt=\"\" class=\"wp-image-152\" srcset=\"https:\/\/www.xn--baag-jra.com\/wp-content\/uploads\/2020\/04\/Baag\u00f8-fyrt\u00e5rn.jpg 1024w, https:\/\/www.xn--baag-jra.com\/wp-content\/uploads\/2020\/04\/Baag\u00f8-fyrt\u00e5rn-300x169.jpg 300w, https:\/\/www.xn--baag-jra.com\/wp-content\/uploads\/2020\/04\/Baag\u00f8-fyrt\u00e5rn-768x432.jpg 768w\" sizes=\"auto, (max-width: 1024px) 100vw, 1024px\" \/><\/figure><\/div>\n\n\n<h3 class=\"wp-block-heading has-text-align-center\"><strong>Baag\u00f8s fyrt\u00e5rn<\/strong><\/h3>\n\n\n\n<p>P\u00e5 \u00f8ens sydlige del ligger et af Danmarks f\u00f8rste fyrt\u00e5rne. Fyret blev bygget i 1816 og er i dag fredet. \u00d8en har haft fyrt\u00e5rn siden 1705, da der dengang var en betydningsfuld postrute mellem K\u00f8benhavn og Hamburg, som f\u00f8rte skibene via Assens-, Aar\u00f8sund og Haderslev.&nbsp;<\/p>\n\n\n\n<p>Fyret b\u00e6rer m\u00e6rket \u00bbStormflod 1872\u00ab. Stormfloden i 1872 gik voldsomt ud over den flade Baag\u00f8, som pludselig blev delt i 3 mindre \u00f8er. Oversv\u00f8mmelsen varede i flere dage og flere kreaturer druknede, men heldigvis kom ingen mennesker noget til.<\/p>\n\n\n\n<figure class=\"wp-block-image size-full is-style-default\"><img loading=\"lazy\" decoding=\"async\" width=\"1024\" height=\"576\" src=\"https:\/\/www.xn--baag-jra.com\/wp-content\/uploads\/2020\/04\/Baag\u00f8-kirke.jpg\" alt=\"\" class=\"wp-image-155\" srcset=\"https:\/\/www.xn--baag-jra.com\/wp-content\/uploads\/2020\/04\/Baag\u00f8-kirke.jpg 1024w, https:\/\/www.xn--baag-jra.com\/wp-content\/uploads\/2020\/04\/Baag\u00f8-kirke-300x169.jpg 300w, https:\/\/www.xn--baag-jra.com\/wp-content\/uploads\/2020\/04\/Baag\u00f8-kirke-768x432.jpg 768w\" sizes=\"auto, (max-width: 1024px) 100vw, 1024px\" \/><\/figure>\n\n\n\n<h3 class=\"wp-block-heading has-text-align-center\"><strong>Baag\u00f8 kirke<\/strong><\/h3>\n\n\n\n<p>P\u00e5 den nordlige del af \u00f8en ligger Baag\u00f8s Kirke. Den har en enkel og smuk stilart, som g\u00f8r den v\u00e6rd at bes\u00f8ge. Baag\u00f8 er Danmarks mindste kirkesogn, og gudstjenester varetages p\u00e5 skift af pr\u00e6sterne fra Assens.&nbsp;<\/p>\n\n\n\n<p>Kirken er bygget i 1861 af greven p\u00e5 Wedellsborg, som \u00f8ens b\u00f8nder tidligere var i f\u00e6ste hos. Da kirken blev bygget, kunne man se den fra Wedellsborg slot, som ligger p\u00e5 Fyn.&nbsp;<\/p>\n\n\n\n<figure class=\"wp-block-image size-full is-style-default\"><img loading=\"lazy\" decoding=\"async\" width=\"1024\" height=\"576\" src=\"https:\/\/www.xn--baag-jra.com\/wp-content\/uploads\/2020\/04\/Russisk-ortodoks-kirke.jpg\" alt=\"\" class=\"wp-image-156\" srcset=\"https:\/\/www.xn--baag-jra.com\/wp-content\/uploads\/2020\/04\/Russisk-ortodoks-kirke.jpg 1024w, https:\/\/www.xn--baag-jra.com\/wp-content\/uploads\/2020\/04\/Russisk-ortodoks-kirke-300x169.jpg 300w, https:\/\/www.xn--baag-jra.com\/wp-content\/uploads\/2020\/04\/Russisk-ortodoks-kirke-768x432.jpg 768w\" sizes=\"auto, (max-width: 1024px) 100vw, 1024px\" \/><\/figure>\n\n\n\n<h3 class=\"wp-block-heading has-text-align-center\"><strong>Russisk ortodoks kirke<\/strong><\/h3>\n\n\n\n<p>Siden 2012 har Amvrosija, der er russisk nonne, bestyret den russisk ortodokse kirke p\u00e5 Baag\u00f8.&nbsp;<\/p>\n\n\n\n<p>Ved siden af kirken er der indrette et lille feriehus med v\u00e6relser til pilgrimme og g\u00e6ster, der kommer fra hele Danmark og Europa .<\/p>\n\n\n\n<p>Ved forskellige h\u00f8jtider bes\u00f8ger en russisk ortodoks pr\u00e6st fra K\u00f8benhavn den lille kirke p\u00e5 Baag\u00f8 og afholder gudstjenester.&nbsp;<\/p>\n\n\n\n<figure class=\"wp-block-image size-full is-style-default\"><img loading=\"lazy\" decoding=\"async\" width=\"1850\" height=\"864\" src=\"https:\/\/www.xn--baag-jra.com\/wp-content\/uploads\/2020\/04\/Hestestald-og-grisevogn.jpg\" alt=\"\" class=\"wp-image-157\" srcset=\"https:\/\/www.xn--baag-jra.com\/wp-content\/uploads\/2020\/04\/Hestestald-og-grisevogn.jpg 1850w, https:\/\/www.xn--baag-jra.com\/wp-content\/uploads\/2020\/04\/Hestestald-og-grisevogn-300x140.jpg 300w, https:\/\/www.xn--baag-jra.com\/wp-content\/uploads\/2020\/04\/Hestestald-og-grisevogn-1024x478.jpg 1024w, https:\/\/www.xn--baag-jra.com\/wp-content\/uploads\/2020\/04\/Hestestald-og-grisevogn-768x359.jpg 768w, https:\/\/www.xn--baag-jra.com\/wp-content\/uploads\/2020\/04\/Hestestald-og-grisevogn-1536x717.jpg 1536w\" sizes=\"auto, (max-width: 1850px) 100vw, 1850px\" \/><\/figure>\n\n\n\n<h3 class=\"wp-block-heading has-text-align-center\"><strong>Hestestalden og Grisevognen<\/strong><\/h3>\n\n\n\n<p>P\u00e5 Prinseh\u00f8jsvej nr. 8 ligger \u201dHestestalden\u201d.&nbsp;<\/p>\n\n\n\n<p>I Hestestalden kan I holde en pause fra cykelturen og den friske luft, og nyde en kop kaffe og den medbragte madpakke.<\/p>\n\n\n\n<p>I kan ogs\u00e5 udforske Hestestaldens lille egnsmuseum, som indeholder et udvalg af gamle landbrugsredskaber, der har v\u00e6ret brugt p\u00e5 \u00f8en. V\u00e6ggene er ogs\u00e5 prydet af forskellige fotos fra Baag\u00f8 gennem tiden.<\/p>\n\n\n\n<p>Der er \u00e5bent i Hestestalden fra 1. april til 1. november.<\/p>\n\n\n\n<p>Hvis du vil vide mere, skal du kontakte Ellen-Marie Nielsen. Du finder hendes kontaktoplysninger menupunktet \u201c<a href=\"https:\/\/www.xn--baag-jra.com\/index.php\/kontakt\/\">Kontakt<\/a>\u201d.<\/p>\n\n\n\n<p>Det er Arne og Lis, du skal kontakte, hvis du \u00f8nsker at bestille en rundtur p\u00e5 \u00f8en med Grisevognen.<\/p>\n\n\n\n<figure class=\"wp-block-gallery has-nested-images columns-4 is-cropped wp-block-gallery-1 is-layout-flex wp-block-gallery-is-layout-flex\">\n<figure class=\"wp-block-image size-medium\"><img loading=\"lazy\" decoding=\"async\" width=\"300\" height=\"225\" data-id=\"174\" src=\"https:\/\/www.xn--baag-jra.com\/wp-content\/uploads\/2020\/04\/Klydefugl-1-300x225.jpg\" alt=\"\" class=\"wp-image-174\" srcset=\"https:\/\/www.xn--baag-jra.com\/wp-content\/uploads\/2020\/04\/Klydefugl-1-300x225.jpg 300w, https:\/\/www.xn--baag-jra.com\/wp-content\/uploads\/2020\/04\/Klydefugl-1-377x283.jpg 377w, https:\/\/www.xn--baag-jra.com\/wp-content\/uploads\/2020\/04\/Klydefugl-1.jpg 700w\" sizes=\"auto, (max-width: 300px) 100vw, 300px\" \/><figcaption class=\"wp-element-caption\">Klydefugl<\/figcaption><\/figure>\n\n\n\n<figure class=\"wp-block-image size-medium\"><img loading=\"lazy\" decoding=\"async\" width=\"300\" height=\"204\" data-id=\"170\" src=\"https:\/\/www.xn--baag-jra.com\/wp-content\/uploads\/2020\/04\/Edderfugl-1-300x204.jpg\" alt=\"\" class=\"wp-image-170\" srcset=\"https:\/\/www.xn--baag-jra.com\/wp-content\/uploads\/2020\/04\/Edderfugl-1-300x204.jpg 300w, https:\/\/www.xn--baag-jra.com\/wp-content\/uploads\/2020\/04\/Edderfugl-1.jpg 700w\" sizes=\"auto, (max-width: 300px) 100vw, 300px\" \/><figcaption class=\"wp-element-caption\">Edderfugl<\/figcaption><\/figure>\n\n\n\n<figure class=\"wp-block-image size-medium\"><img loading=\"lazy\" decoding=\"async\" width=\"300\" height=\"211\" data-id=\"175\" src=\"https:\/\/www.xn--baag-jra.com\/wp-content\/uploads\/2020\/04\/Lille-pr\u00e6stekrave-fugl-1-300x211.jpg\" alt=\"\" class=\"wp-image-175\" srcset=\"https:\/\/www.xn--baag-jra.com\/wp-content\/uploads\/2020\/04\/Lille-pr\u00e6stekrave-fugl-1-300x211.jpg 300w, https:\/\/www.xn--baag-jra.com\/wp-content\/uploads\/2020\/04\/Lille-pr\u00e6stekrave-fugl-1.jpg 700w\" sizes=\"auto, (max-width: 300px) 100vw, 300px\" \/><figcaption class=\"wp-element-caption\">Lille pr\u00e6stekrave<\/figcaption><\/figure>\n\n\n\n<figure class=\"wp-block-image size-medium\"><img loading=\"lazy\" decoding=\"async\" width=\"300\" height=\"228\" data-id=\"171\" src=\"https:\/\/www.xn--baag-jra.com\/wp-content\/uploads\/2020\/04\/Firskehejre-1-300x228.jpg\" alt=\"\" class=\"wp-image-171\" srcset=\"https:\/\/www.xn--baag-jra.com\/wp-content\/uploads\/2020\/04\/Firskehejre-1-300x228.jpg 300w, https:\/\/www.xn--baag-jra.com\/wp-content\/uploads\/2020\/04\/Firskehejre-1.jpg 700w\" sizes=\"auto, (max-width: 300px) 100vw, 300px\" \/><figcaption class=\"wp-element-caption\">Fiskehejre<\/figcaption><\/figure>\n\n\n\n<figure class=\"wp-block-image size-medium\"><img loading=\"lazy\" decoding=\"async\" width=\"300\" height=\"200\" data-id=\"173\" src=\"https:\/\/www.xn--baag-jra.com\/wp-content\/uploads\/2020\/04\/Hav\u00f8rn-1-300x200.jpg\" alt=\"\" class=\"wp-image-173\" srcset=\"https:\/\/www.xn--baag-jra.com\/wp-content\/uploads\/2020\/04\/Hav\u00f8rn-1-300x200.jpg 300w, https:\/\/www.xn--baag-jra.com\/wp-content\/uploads\/2020\/04\/Hav\u00f8rn-1.jpg 700w\" sizes=\"auto, (max-width: 300px) 100vw, 300px\" \/><figcaption class=\"wp-element-caption\">Hav\u00f8rn<\/figcaption><\/figure>\n\n\n\n<figure class=\"wp-block-image size-medium\"><img loading=\"lazy\" decoding=\"async\" width=\"300\" height=\"206\" data-id=\"172\" src=\"https:\/\/www.xn--baag-jra.com\/wp-content\/uploads\/2020\/04\/Firske\u00f8rn-1-300x206.jpg\" alt=\"\" class=\"wp-image-172\" srcset=\"https:\/\/www.xn--baag-jra.com\/wp-content\/uploads\/2020\/04\/Firske\u00f8rn-1-300x206.jpg 300w, https:\/\/www.xn--baag-jra.com\/wp-content\/uploads\/2020\/04\/Firske\u00f8rn-1.jpg 700w\" sizes=\"auto, (max-width: 300px) 100vw, 300px\" \/><figcaption class=\"wp-element-caption\">Fiske\u00f8rn<\/figcaption><\/figure>\n\n\n\n<figure class=\"wp-block-image size-medium\"><img loading=\"lazy\" decoding=\"async\" width=\"300\" height=\"260\" data-id=\"169\" src=\"https:\/\/www.xn--baag-jra.com\/wp-content\/uploads\/2020\/04\/Bl\u00e5-k\u00e6rh\u00f8g-1-300x260.jpg\" alt=\"\" class=\"wp-image-169\" srcset=\"https:\/\/www.xn--baag-jra.com\/wp-content\/uploads\/2020\/04\/Bl\u00e5-k\u00e6rh\u00f8g-1-300x260.jpg 300w, https:\/\/www.xn--baag-jra.com\/wp-content\/uploads\/2020\/04\/Bl\u00e5-k\u00e6rh\u00f8g-1.jpg 700w\" sizes=\"auto, (max-width: 300px) 100vw, 300px\" \/><figcaption class=\"wp-element-caption\">Bl\u00e5 k\u00e6rh\u00f8g<\/figcaption><\/figure>\n\n\n\n<figure class=\"wp-block-image size-medium\"><img loading=\"lazy\" decoding=\"async\" width=\"300\" height=\"249\" data-id=\"176\" src=\"https:\/\/www.xn--baag-jra.com\/wp-content\/uploads\/2020\/04\/L\u00e6rkefalk-1-300x249.jpg\" alt=\"\" class=\"wp-image-176\" srcset=\"https:\/\/www.xn--baag-jra.com\/wp-content\/uploads\/2020\/04\/L\u00e6rkefalk-1-300x249.jpg 300w, https:\/\/www.xn--baag-jra.com\/wp-content\/uploads\/2020\/04\/L\u00e6rkefalk-1.jpg 700w\" sizes=\"auto, (max-width: 300px) 100vw, 300px\" \/><figcaption class=\"wp-element-caption\">L\u00e6rkefalk<\/figcaption><\/figure>\n<\/figure>\n\n\n\n<h3 class=\"wp-block-heading has-text-align-center\"><strong>Natur og fugleliv<\/strong><\/h3>\n\n\n\n<p>Naturen p\u00e5 B\u00e5g\u00f8 er den helt store sev\u00e6rdighed og skal opleves.<\/p>\n\n\n\n<p>P\u00e5 \u00f8ens strandenge vokser der blandt andet gul snerre, engelskgr\u00e6s, bl\u00e5hat, strandmalurt og strandk\u00e5l.&nbsp;<\/p>\n\n\n\n<p>Der er r\u00e5vildt, harer og fasaner, som \u00e5rligt jages under en stor f\u00e6llesjagt.<\/p>\n\n\n\n<p>Bev\u00e6ger du dig ud for \u00f8ens kyster, har du gode chancer for at se s\u00e6ler og marsvin, ligesom der er flere gode muligheder for at fiske.&nbsp;<\/p>\n\n\n\n<p>Baag\u00f8s store engarealer og inds\u00f8er skaber fordelagtige forhold for et rigt og forskelligartet fugleliv p\u00e5 \u00f8en. Fugle som klyde, edderfugl, lille pr\u00e6stekrave og fiskehejre er hyppige g\u00e6ster p\u00e5 \u00f8en.<\/p>\n\n\n\n<p>Fra tid til anden kan der ogs\u00e5 ses b\u00e5de hav\u00f8rne, fiske\u00f8rne, bl\u00e5 k\u00e6rh\u00f8ge og l\u00e6rkefalke. Du kan udforske og betragte de mange fugle fra \u00f8ens to fuglet\u00e5rne.<\/p>\n","protected":false},"excerpt":{"rendered":"<p>P\u00e5 Baag\u00f8s marker er der gennem tiden fundet mange flinteredskaber, som stammer helt tilbage fra oldtiden.&nbsp; Tidligere var der mange gravh\u00f8je p\u00e5 \u00f8en, men de er desv\u00e6rre blevet slettet gennem&hellip;<\/p>\n","protected":false},"author":1,"featured_media":0,"parent":0,"menu_order":7,"comment_status":"closed","ping_status":"closed","template":"","meta":{"footnotes":""},"class_list":["post-46","page","type-page","status-publish","hentry"],"_links":{"self":[{"href":"https:\/\/www.xn--baag-jra.com\/index.php\/wp-json\/wp\/v2\/pages\/46","targetHints":{"allow":["GET"]}}],"collection":[{"href":"https:\/\/www.xn--baag-jra.com\/index.php\/wp-json\/wp\/v2\/pages"}],"about":[{"href":"https:\/\/www.xn--baag-jra.com\/index.php\/wp-json\/wp\/v2\/types\/page"}],"author":[{"embeddable":true,"href":"https:\/\/www.xn--baag-jra.com\/index.php\/wp-json\/wp\/v2\/users\/1"}],"replies":[{"embeddable":true,"href":"https:\/\/www.xn--baag-jra.com\/index.php\/wp-json\/wp\/v2\/comments?post=46"}],"version-history":[{"count":20,"href":"https:\/\/www.xn--baag-jra.com\/index.php\/wp-json\/wp\/v2\/pages\/46\/revisions"}],"predecessor-version":[{"id":370,"href":"https:\/\/www.xn--baag-jra.com\/index.php\/wp-json\/wp\/v2\/pages\/46\/revisions\/370"}],"wp:attachment":[{"href":"https:\/\/www.xn--baag-jra.com\/index.php\/wp-json\/wp\/v2\/media?parent=46"}],"curies":[{"name":"wp","href":"https:\/\/api.w.org\/{rel}","templated":true}]}}