{"id":43,"date":"2020-04-22T11:15:40","date_gmt":"2020-04-22T11:15:40","guid":{"rendered":"https:\/\/www.xn--baag-jra.com\/?page_id=43"},"modified":"2025-10-17T10:11:56","modified_gmt":"2025-10-17T10:11:56","slug":"praktisk-information","status":"publish","type":"page","link":"https:\/\/www.xn--baag-jra.com\/index.php\/praktisk-information\/","title":{"rendered":"Praktisk information"},"content":{"rendered":"<div class=\"wp-block-image is-resized is-style-default\">\n<figure class=\"aligncenter size-medium\"><img loading=\"lazy\" decoding=\"async\" width=\"221\" height=\"300\" src=\"https:\/\/www.xn--baag-jra.com\/wp-content\/uploads\/2020\/04\/Hjertestarter-221x300.jpg\" alt=\"\" class=\"wp-image-132\" srcset=\"https:\/\/www.xn--baag-jra.com\/wp-content\/uploads\/2020\/04\/Hjertestarter-221x300.jpg 221w, https:\/\/www.xn--baag-jra.com\/wp-content\/uploads\/2020\/04\/Hjertestarter.jpg 381w\" sizes=\"auto, (max-width: 221px) 100vw, 221px\" \/><\/figure><\/div>\n\n\n<p>Sikkerhed er vigtigt for os, og derfor har vi en hjertestarter p\u00e5 \u00f8en.<br>Der er Hjertestartere i opholdsrummet i Havnehuset \u2013 og  i Brandstationen ved Naturcentret.<\/p>\n\n\n<div class=\"wp-block-image is-resized is-style-default\">\n<figure class=\"aligncenter size-medium\"><img loading=\"lazy\" decoding=\"async\" width=\"300\" height=\"300\" src=\"https:\/\/www.xn--baag-jra.com\/wp-content\/uploads\/2020\/04\/Baag\u00f8-havnekiosk-300x300.jpg\" alt=\"\" class=\"wp-image-133\" srcset=\"https:\/\/www.xn--baag-jra.com\/wp-content\/uploads\/2020\/04\/Baag\u00f8-havnekiosk-300x300.jpg 300w, https:\/\/www.xn--baag-jra.com\/wp-content\/uploads\/2020\/04\/Baag\u00f8-havnekiosk-150x150.jpg 150w, https:\/\/www.xn--baag-jra.com\/wp-content\/uploads\/2020\/04\/Baag\u00f8-havnekiosk.jpg 450w\" sizes=\"auto, (max-width: 300px) 100vw, 300px\" \/><\/figure><\/div>\n\n\n<h3 class=\"wp-block-heading has-text-align-center\"><strong>Havnekiosken<\/strong><\/h3>\n\n\n\n<p>I havnekiosken er et fint lille udvalg af diverse dagligvarer, for eksempel s\u00e6lges nybagt morgenbr\u00f8d og frisklavet kaffe. Du kan ogs\u00e5 finde \u00f8l, vin og diverse udvalg i k\u00f8d og lokale gr\u00f8ntsager til en hyggelig grillaften. Og s\u00e5 er der selvf\u00f8lgelig ogs\u00e5 b\u00e5de slik og is til slikmunde i alle aldre.<\/p>\n\n\n<div class=\"wp-block-image is-style-default\">\n<figure class=\"aligncenter size-large\"><img loading=\"lazy\" decoding=\"async\" width=\"1024\" height=\"262\" src=\"https:\/\/www.xn--baag-jra.com\/wp-content\/uploads\/2020\/04\/Happy-hour-1024x262.jpg\" alt=\"\" class=\"wp-image-135\" srcset=\"https:\/\/www.xn--baag-jra.com\/wp-content\/uploads\/2020\/04\/Happy-hour-1024x262.jpg 1024w, https:\/\/www.xn--baag-jra.com\/wp-content\/uploads\/2020\/04\/Happy-hour-300x77.jpg 300w, https:\/\/www.xn--baag-jra.com\/wp-content\/uploads\/2020\/04\/Happy-hour-768x196.jpg 768w, https:\/\/www.xn--baag-jra.com\/wp-content\/uploads\/2020\/04\/Happy-hour-1536x393.jpg 1536w, https:\/\/www.xn--baag-jra.com\/wp-content\/uploads\/2020\/04\/Happy-hour-2048x523.jpg 2048w\" sizes=\"auto, (max-width: 1024px) 100vw, 1024px\" \/><\/figure><\/div>\n\n\n<p>Hver fredag samles store som sm\u00e5 til \u201chappy hour\u201d.<\/p>\n\n\n\n<p>St\u00f8rre indk\u00f8b kr\u00e6ver en lille tur til Assens, hvor der er g\u00e5afstand til indk\u00f8b og shopping.<\/p>\n\n\n\n<p><a rel=\"noreferrer noopener\" href=\"https:\/\/www.baagoehavnekiosk.dk\/\" target=\"_blank\">L\u00e6s og udforsk mere p\u00e5 havnekioskens egen hjemmeside<\/a>.&nbsp;<\/p>\n\n\n\n<p>Har du brug for yderligere information kan du finde kontaktoplysninger under menupunktet &#8220;<a href=\"https:\/\/www.xn--baag-jra.com\/index.php\/kontakt\/\" target=\"_blank\" rel=\"noreferrer noopener\">Kontakt<\/a>&#8220;.<\/p>\n\n\n\n<p><a href=\"https:\/\/www.tripadvisor.dk\/Restaurant_Review-g1207777-d8142913-Reviews-Baagoe_Havnekiosk-Assens_Funen_and_Islands.html\" target=\"_blank\" rel=\"noreferrer noopener\">Du kan l\u00e6se et par anmeldelser om vores kiosk og dejlige \u00f8 her.<\/a><\/p>\n\n\n\n<p>P\u00e5 havnen er der ud over kiosken, ogs\u00e5 mulighed for:&nbsp;<\/p>\n\n\n\n<p><strong>Cykeludlejning<\/strong><br>Det er her, at du f.eks. kan finde \u00f8ens cykeludlejning, s\u00e5 du og familien kan tage jer en afslappet tur rundt p\u00e5 \u00f8en, i jeres tempo og uden at skulle bekymre jer synderligt om biler.&nbsp;<\/p>\n\n\n\n<p><strong>Linned ved leje af naturskolen<\/strong> <br>Hvis du har valgt at leje af en af naturskolens hyggelige lejligheder, er det i havnekiosken, du kan leje og f\u00e5 udleveret linned til sengene. Du kan ogs\u00e5 medbringe dit eget senget\u00f8j.&nbsp;<\/p>\n\n\n\n<h3 class=\"wp-block-heading has-text-align-center\"><strong>Tilbud til dig<\/strong><\/h3>\n\n\n\n<p><\/p>\n\n\n<div class=\"wp-block-image is-style-default\">\n<figure class=\"aligncenter size-medium\"><img loading=\"lazy\" decoding=\"async\" width=\"300\" height=\"225\" src=\"https:\/\/www.xn--baag-jra.com\/wp-content\/uploads\/2020\/04\/Krabbev\u00e6ddel\u00f8b-300x225.jpeg\" alt=\"\" class=\"wp-image-138\" srcset=\"https:\/\/www.xn--baag-jra.com\/wp-content\/uploads\/2020\/04\/Krabbev\u00e6ddel\u00f8b-300x225.jpeg 300w, https:\/\/www.xn--baag-jra.com\/wp-content\/uploads\/2020\/04\/Krabbev\u00e6ddel\u00f8b-1024x768.jpeg 1024w, https:\/\/www.xn--baag-jra.com\/wp-content\/uploads\/2020\/04\/Krabbev\u00e6ddel\u00f8b-768x576.jpeg 768w, https:\/\/www.xn--baag-jra.com\/wp-content\/uploads\/2020\/04\/Krabbev\u00e6ddel\u00f8b-1536x1152.jpeg 1536w, https:\/\/www.xn--baag-jra.com\/wp-content\/uploads\/2020\/04\/Krabbev\u00e6ddel\u00f8b-2048x1536.jpeg 2048w, https:\/\/www.xn--baag-jra.com\/wp-content\/uploads\/2020\/04\/Krabbev\u00e6ddel\u00f8b-754x566.jpeg 754w, https:\/\/www.xn--baag-jra.com\/wp-content\/uploads\/2020\/04\/Krabbev\u00e6ddel\u00f8b-377x283.jpeg 377w\" sizes=\"auto, (max-width: 300px) 100vw, 300px\" \/><\/figure><\/div>\n\n\n<p><strong>Krabbev\u00e6ddel\u00f8b&nbsp;<\/strong><br>Baag\u00f8 har sin egen krabbe v\u00e6ddel\u00f8bsbane som er \u00e5ben \u00e5ret rundt, du skal bare medbringe dine egne krabber (kan fiskes i havnebassinet)&nbsp;<\/p>\n\n\n\n<p><strong>Grillhytte&nbsp;<\/strong><br>En r\u00e6kke frivillige har bygget en stor grillhytte med plads til mange mennesker. Den er til fri afbenyttelse af alle.&nbsp;<\/p>\n\n\n\n<p>Man skal ikke bestille plads, og det koster ingenting, du skal bare have dine egne madvarer med &#8211; alternativt kan du k\u00f8be dem i kiosken.&nbsp;<\/p>\n\n\n\n<p>Grillhytten indeholder en stor grill, der er inddelt i forskellige grill felter, s\u00e5 man ikke beh\u00f8ver t\u00e6nde hele grillen op.<\/p>\n\n\n\n<p><strong>Book en shelter<\/strong><br>P\u00e5 Baag\u00f8 finder du ogs\u00e5 en shelter, kaldet \u201cHeksens Hule\u201d, med plads til fire personer, som du kan booke overnatning til. <\/p>\n\n\n\n<p><a href=\"https:\/\/bookenshelter.dk\/fyn\/shelterplads\/baagoe-heksens-hule\/\">Du kan l\u00e6se mere og booke den her<\/a>.<\/p>\n","protected":false},"excerpt":{"rendered":"<p>Sikkerhed er vigtigt for os, og derfor har vi en hjertestarter p\u00e5 \u00f8en.Der er Hjertestartere i opholdsrummet i Havnehuset \u2013 og i Brandstationen ved Naturcentret. Havnekiosken I havnekiosken er et&hellip;<\/p>\n","protected":false},"author":1,"featured_media":0,"parent":0,"menu_order":4,"comment_status":"closed","ping_status":"closed","template":"","meta":{"footnotes":""},"class_list":["post-43","page","type-page","status-publish","hentry"],"_links":{"self":[{"href":"https:\/\/www.xn--baag-jra.com\/index.php\/wp-json\/wp\/v2\/pages\/43","targetHints":{"allow":["GET"]}}],"collection":[{"href":"https:\/\/www.xn--baag-jra.com\/index.php\/wp-json\/wp\/v2\/pages"}],"about":[{"href":"https:\/\/www.xn--baag-jra.com\/index.php\/wp-json\/wp\/v2\/types\/page"}],"author":[{"embeddable":true,"href":"https:\/\/www.xn--baag-jra.com\/index.php\/wp-json\/wp\/v2\/users\/1"}],"replies":[{"embeddable":true,"href":"https:\/\/www.xn--baag-jra.com\/index.php\/wp-json\/wp\/v2\/comments?post=43"}],"version-history":[{"count":19,"href":"https:\/\/www.xn--baag-jra.com\/index.php\/wp-json\/wp\/v2\/pages\/43\/revisions"}],"predecessor-version":[{"id":264,"href":"https:\/\/www.xn--baag-jra.com\/index.php\/wp-json\/wp\/v2\/pages\/43\/revisions\/264"}],"wp:attachment":[{"href":"https:\/\/www.xn--baag-jra.com\/index.php\/wp-json\/wp\/v2\/media?parent=43"}],"curies":[{"name":"wp","href":"https:\/\/api.w.org\/{rel}","templated":true}]}}