{"id":42,"date":"2020-04-22T11:15:40","date_gmt":"2020-04-22T11:15:40","guid":{"rendered":"https:\/\/www.xn--baag-jra.com\/?page_id=42"},"modified":"2020-05-14T10:38:36","modified_gmt":"2020-05-14T10:38:36","slug":"baagoe-havn","status":"publish","type":"page","link":"https:\/\/www.xn--baag-jra.com\/index.php\/baagoe-havn\/","title":{"rendered":"Baag\u00f8 Havn"},"content":{"rendered":"\n<figure class=\"wp-block-image size-large is-style-default\"><img loading=\"lazy\" decoding=\"async\" width=\"1024\" height=\"768\" src=\"https:\/\/www.xn--baag-jra.com\/wp-content\/uploads\/2020\/04\/Havn2-1024x768.jpeg\" alt=\"\" class=\"wp-image-124\" srcset=\"https:\/\/www.xn--baag-jra.com\/wp-content\/uploads\/2020\/04\/Havn2-1024x768.jpeg 1024w, https:\/\/www.xn--baag-jra.com\/wp-content\/uploads\/2020\/04\/Havn2-300x225.jpeg 300w, https:\/\/www.xn--baag-jra.com\/wp-content\/uploads\/2020\/04\/Havn2-768x576.jpeg 768w, https:\/\/www.xn--baag-jra.com\/wp-content\/uploads\/2020\/04\/Havn2-1536x1152.jpeg 1536w, https:\/\/www.xn--baag-jra.com\/wp-content\/uploads\/2020\/04\/Havn2-2048x1536.jpeg 2048w, https:\/\/www.xn--baag-jra.com\/wp-content\/uploads\/2020\/04\/Havn2-754x566.jpeg 754w, https:\/\/www.xn--baag-jra.com\/wp-content\/uploads\/2020\/04\/Havn2-377x283.jpeg 377w\" sizes=\"auto, (max-width: 1024px) 100vw, 1024px\" \/><\/figure>\n\n\n\n<p>Baag\u00f8s havn er et ca. 90 m. langt og ca. 85 m. bredt bassin og f\u00e6rgeleje.&nbsp;<\/p>\n\n\n\n<p>Indsejlingen har en dybde p\u00e5 3 m. og selve havnen er mellem 3 &#8211; 2,5 m. dyb.<\/p>\n\n\n\n<p>Hvis du skal i havn med din b\u00e5d, er der en maks. for b\u00e5de p\u00e5 25 m. i l\u00e6ngden, 6 m. i bredden og en dybgang p\u00e5 2,5 m.&nbsp;<\/p>\n\n\n\n<p>Havnen er opdelt i to med f\u00e6rgelejet og lystb\u00e5dehavn med 49 p\u00e6lepladser. Der kan ogs\u00e5 fort\u00f8jes langskibs langs molen.<\/p>\n\n\n\n<p>Sejlere betaler havnepenge i automat, som findes i Havnehuset. <\/p>\n\n\n\n<figure class=\"wp-block-image size-large is-style-default\"><img loading=\"lazy\" decoding=\"async\" width=\"1024\" height=\"259\" src=\"https:\/\/www.xn--baag-jra.com\/wp-content\/uploads\/2020\/04\/Havnens-faciliteter-1024x259.jpg\" alt=\"\" class=\"wp-image-126\" srcset=\"https:\/\/www.xn--baag-jra.com\/wp-content\/uploads\/2020\/04\/Havnens-faciliteter-1024x259.jpg 1024w, https:\/\/www.xn--baag-jra.com\/wp-content\/uploads\/2020\/04\/Havnens-faciliteter-300x76.jpg 300w, https:\/\/www.xn--baag-jra.com\/wp-content\/uploads\/2020\/04\/Havnens-faciliteter-768x194.jpg 768w, https:\/\/www.xn--baag-jra.com\/wp-content\/uploads\/2020\/04\/Havnens-faciliteter-1536x389.jpg 1536w, https:\/\/www.xn--baag-jra.com\/wp-content\/uploads\/2020\/04\/Havnens-faciliteter-2048x518.jpg 2048w\" sizes=\"auto, (max-width: 1024px) 100vw, 1024px\" \/><\/figure>\n\n\n\n<h3 class=\"has-text-align-center wp-block-heading\"><strong>Havnens faciliteter<\/strong><\/h3>\n\n\n\n<p>P\u00e5 havnen finder du gode toilet- og badefaciliteter. Der er tilg\u00e6ngelig elektricitet og wi-fi, og du har mulighed for at foretage sm\u00e5 indk\u00f8b i kiosken, og f\u00e5 gode r\u00e5d til turen p\u00e5 Baag\u00f8.&nbsp;<\/p>\n\n\n\n<p>Det er ogs\u00e5 ved havnen, du kan leje cykler til turen rundt p\u00e5 \u00f8en.<\/p>\n\n\n\n<p>P\u00e5 havnen er en grillhytte, som kan benyttes af f\u00e5 eller mange, ligesom der er krabbev\u00e6ddel\u00f8bsbane og stangtennis for b\u00f8rn og barnlige sj\u00e6le.<\/p>\n\n\n\n<figure class=\"wp-block-image size-large is-resized is-style-default\"><img loading=\"lazy\" decoding=\"async\" src=\"https:\/\/www.xn--baag-jra.com\/wp-content\/uploads\/2020\/04\/Strand-1024x768.jpeg\" alt=\"\" class=\"wp-image-127\" width=\"580\" height=\"435\" srcset=\"https:\/\/www.xn--baag-jra.com\/wp-content\/uploads\/2020\/04\/Strand-1024x768.jpeg 1024w, https:\/\/www.xn--baag-jra.com\/wp-content\/uploads\/2020\/04\/Strand-300x225.jpeg 300w, https:\/\/www.xn--baag-jra.com\/wp-content\/uploads\/2020\/04\/Strand-768x576.jpeg 768w, https:\/\/www.xn--baag-jra.com\/wp-content\/uploads\/2020\/04\/Strand-1536x1152.jpeg 1536w, https:\/\/www.xn--baag-jra.com\/wp-content\/uploads\/2020\/04\/Strand-2048x1536.jpeg 2048w, https:\/\/www.xn--baag-jra.com\/wp-content\/uploads\/2020\/04\/Strand-754x566.jpeg 754w, https:\/\/www.xn--baag-jra.com\/wp-content\/uploads\/2020\/04\/Strand-377x283.jpeg 377w\" sizes=\"auto, (max-width: 580px) 100vw, 580px\" \/><\/figure>\n\n\n\n<div class=\"wp-block-group\"><div class=\"wp-block-group__inner-container is-layout-flow wp-block-group-is-layout-flow\">\n<h4 class=\"has-text-align-center wp-block-heading\"><strong>Badestrand<\/strong><\/h4>\n\n\n\n<p>Ved havnen finder du Baag\u00f8s fine badestrand, hvor du som for\u00e6lder med ro i sindet kan lade din b\u00f8rn pjaske i vandet, bygge kreative sandslotte og finde flotte sten.<\/p>\n<\/div><\/div>\n","protected":false},"excerpt":{"rendered":"<p>Baag\u00f8s havn er et ca. 90 m. langt og ca. 85 m. bredt bassin og f\u00e6rgeleje.&nbsp; Indsejlingen har en dybde p\u00e5 3 m. og selve havnen er mellem 3 &#8211;&hellip;<\/p>\n","protected":false},"author":1,"featured_media":0,"parent":0,"menu_order":3,"comment_status":"closed","ping_status":"closed","template":"","meta":{"footnotes":""},"class_list":["post-42","page","type-page","status-publish","hentry"],"_links":{"self":[{"href":"https:\/\/www.xn--baag-jra.com\/index.php\/wp-json\/wp\/v2\/pages\/42","targetHints":{"allow":["GET"]}}],"collection":[{"href":"https:\/\/www.xn--baag-jra.com\/index.php\/wp-json\/wp\/v2\/pages"}],"about":[{"href":"https:\/\/www.xn--baag-jra.com\/index.php\/wp-json\/wp\/v2\/types\/page"}],"author":[{"embeddable":true,"href":"https:\/\/www.xn--baag-jra.com\/index.php\/wp-json\/wp\/v2\/users\/1"}],"replies":[{"embeddable":true,"href":"https:\/\/www.xn--baag-jra.com\/index.php\/wp-json\/wp\/v2\/comments?post=42"}],"version-history":[{"count":7,"href":"https:\/\/www.xn--baag-jra.com\/index.php\/wp-json\/wp\/v2\/pages\/42\/revisions"}],"predecessor-version":[{"id":208,"href":"https:\/\/www.xn--baag-jra.com\/index.php\/wp-json\/wp\/v2\/pages\/42\/revisions\/208"}],"wp:attachment":[{"href":"https:\/\/www.xn--baag-jra.com\/index.php\/wp-json\/wp\/v2\/media?parent=42"}],"curies":[{"name":"wp","href":"https:\/\/api.w.org\/{rel}","templated":true}]}}